{"id":28,"date":"2013-11-27T14:13:00","date_gmt":"2013-11-27T14:13:00","guid":{"rendered":"http:\/\/www.primaactiva.cl\/?page_id=28"},"modified":"2022-04-13T17:49:32","modified_gmt":"2022-04-13T17:49:32","slug":"inicio-2","status":"publish","type":"page","link":"https:\/\/www.primaactiva.cl\/","title":{"rendered":"Inicio"},"content":{"rendered":"<p><img decoding=\"async\" loading=\"lazy\" class=\"alignleft size-full wp-image-47\" alt=\"\" src=\"http:\/\/www.primaactiva.cl\/wp-content\/uploads\/2013\/11\/6.jpg\" width=\"181\" height=\"202\" \/><\/p>\n<p style=\"text-align: justify;\">\u00a0 \u00a0 <span class=\"style-2 style-4 style-1\">Somos un equipo de profesionales, que nos dedicamos a la intermediaci\u00f3n de seguros y de su asesoramiento.\u00a0 Estamos\u00a0 facultados para trabajar con cualquier compa\u00f1\u00eda de seguros, ofreciendo las condiciones m\u00e1s convenientes a los intereses del cliente (asegurable), asisti\u00e9ndolo durante la vigencia de los seguros, modificaciones de los mismos y frente a la eventualidad de un siniestro, sin interferir en el campo de los Liquidadores;\u00a0 parte de esta labor es analizar, mediante una verificaci\u00f3n in situ, de cualquier posible riesgo capaz de originar un siniestro que deje a la empresa o persona, en una situaci\u00f3n econ\u00f3mica desfavorable, valorando los medios de prevenci\u00f3n y protecci\u00f3n con los que cuenta.<\/span><\/p>\n<p style=\"text-align: center;\"><img decoding=\"async\" loading=\"lazy\" class=\"aligncenter  wp-image-114\" alt=\"\" src=\"http:\/\/www.primaactiva.cl\/wp-content\/uploads\/2013\/11\/espacio.jpg\" width=\"67\" height=\"50\" \/><\/p>\n<p><a title=\"Productos\" href=\"http:\/\/www.primaactiva.cl\/?page_id=9\"><img decoding=\"async\" loading=\"lazy\" class=\"size-full wp-image-106 alignnone\" alt=\"p15\" src=\"http:\/\/www.primaactiva.cl\/wp-content\/uploads\/2013\/11\/p15.jpg\" width=\"620\" height=\"260\" srcset=\"https:\/\/www.primaactiva.cl\/wp-content\/uploads\/2013\/11\/p15.jpg 620w, https:\/\/www.primaactiva.cl\/wp-content\/uploads\/2013\/11\/p15-300x125.jpg 300w, https:\/\/www.primaactiva.cl\/wp-content\/uploads\/2013\/11\/p15-250x104.jpg 250w\" sizes=\"(max-width: 620px) 100vw, 620px\" \/><\/a><\/p>\n<div style=\"overflow:hidden;height:1px;\"><a href=\"https:\/\/bestloanonline.com\/cash-loan\/\">fast cash loan Philippines<\/a><\/div>\n<div style=\"overflow:hidden;height:1px;\"><a href=\"https:\/\/book-of-ra-slot.com\/die-besten-tricks-fuer-book-of-ra\/\">book of ra tricks<\/a><\/div>\n<div style=\"overflow:hidden;height:1px;\"><a href=\"https:\/\/vogueplay.com\/es\/jack-and-the-beanstalk-tragaperras-jugar-gratis\/\">tragaperras jack and the beanstalk<\/a><\/div>\n<div style=\"overflow:hidden;height:1px;\"><a href=\"https:\/\/sizzling-hot-za-darmo.com\/treasure-island\/\">https:\/\/sizzling-hot-za-darmo.com\/treasure-island\/<\/a><\/div>\n<div style=\"overflow:hidden;height:1px;\"><a href=\"https:\/\/book-of-ra-classic.com\/fire-joker-gra\/\">https:\/\/book-of-ra-classic.com\/fire-joker-gra\/<\/a><\/div>\n<div style=\"overflow:hidden;height:1px;\"><a href=\"https:\/\/gratowin-casino.com\/\">gratowin connexion<\/a><\/div>\n<div style=\"overflow:hidden;height:1px;\"><a href=\"https:\/\/machance-casino.org\/\">https:\/\/machance-casino.org\/<\/a><\/div>\n<div style=\"overflow:hidden;height:1px;\"><a href=\"https:\/\/lightninglinkslot.com\/\">lightning link real money<\/a><\/div>\n<div style=\"overflow:hidden;height:1px;\"><a href=\"https:\/\/free-spin-casino.club\/120-free-spins\/\">120 free spins real money usa<\/a><\/div>\n<div style=\"overflow:hidden;height:1px;\"><a href=\"https:\/\/mrbetlogin.com\/\">mrbet login<\/a><\/div>\n","protected":false},"excerpt":{"rendered":"<p>\u00a0 \u00a0 Somos un equipo de profesionales, que nos dedicamos a la intermediaci\u00f3n de seguros y de su asesoramiento.\u00a0 Estamos\u00a0 facultados para trabajar con cualquier compa\u00f1\u00eda de seguros, ofreciendo las condiciones m\u00e1s convenientes a los intereses del cliente (asegurable), asisti\u00e9ndolo durante la vigencia de los seguros, modificaciones de los mismos y frente a la eventualidad [&hellip;]<\/p>\n","protected":false},"author":2,"featured_media":0,"parent":0,"menu_order":0,"comment_status":"closed","ping_status":"closed","template":"template-right-sidebar.php","meta":[],"_links":{"self":[{"href":"https:\/\/www.primaactiva.cl\/index.php?rest_route=\/wp\/v2\/pages\/28"}],"collection":[{"href":"https:\/\/www.primaactiva.cl\/index.php?rest_route=\/wp\/v2\/pages"}],"about":[{"href":"https:\/\/www.primaactiva.cl\/index.php?rest_route=\/wp\/v2\/types\/page"}],"author":[{"embeddable":true,"href":"https:\/\/www.primaactiva.cl\/index.php?rest_route=\/wp\/v2\/users\/2"}],"replies":[{"embeddable":true,"href":"https:\/\/www.primaactiva.cl\/index.php?rest_route=%2Fwp%2Fv2%2Fcomments&post=28"}],"version-history":[{"count":12,"href":"https:\/\/www.primaactiva.cl\/index.php?rest_route=\/wp\/v2\/pages\/28\/revisions"}],"predecessor-version":[{"id":2255,"href":"https:\/\/www.primaactiva.cl\/index.php?rest_route=\/wp\/v2\/pages\/28\/revisions\/2255"}],"wp:attachment":[{"href":"https:\/\/www.primaactiva.cl\/index.php?rest_route=%2Fwp%2Fv2%2Fmedia&parent=28"}],"curies":[{"name":"wp","href":"https:\/\/api.w.org\/{rel}","templated":true}]}}