{"id":69,"date":"2013-11-28T21:06:50","date_gmt":"2013-11-28T21:06:50","guid":{"rendered":"http:\/\/www.primaactiva.cl\/?page_id=69"},"modified":"2014-11-23T22:08:32","modified_gmt":"2014-11-23T22:08:32","slug":"seguros-para-personas","status":"publish","type":"page","link":"https:\/\/www.primaactiva.cl\/?page_id=69","title":{"rendered":"Seguros para Personas"},"content":{"rendered":"<div>\n<div>\n<table border=\"0\">\n<tbody>\n<tr>\n<td><img decoding=\"async\" alt=\"\" src=\"http:\/\/www.bciseguros.cl\/medios\/productos\/personas\/iconos-01.jpg\" \/>&nbsp;<\/p>\n<p>&nbsp;<\/td>\n<td width=\"30px\"><\/td>\n<td>\n<h2>Auto<\/h2>\n<p>Te presentamos los seguros automotrices m\u00e1s completos e innovadores del mercado, creados especialmente para evitarte cualquier preocupaci\u00f3n relacionada con t\u00fa autom\u00f3vil. Cada uno de estos beneficios contempla una amplia lista de servicios espec\u00edficos y necesarios para evitar que pierda su tiempo y \u00e1nimo en detalles inoportunos.<\/p>\n<h3>Principales Coberturas<\/h3>\n<ul>\n<li>Da\u00f1os Materiales<\/li>\n<li>P\u00e9rdida Total<\/li>\n<li>Robo, hurto o uso no autorizado<\/li>\n<li>Robo Contenidos<\/li>\n<li>Robo de accesorios<\/li>\n<li>Responsabilidad Civil (da\u00f1o emergente, da\u00f1o moral y lucro cesante)<\/li>\n<li>Da\u00f1os por riesgos de la naturaleza, sismo, granizo o por actos maliciosos, huelga y terrorismo<\/li>\n<li>Da\u00f1os materiales y Da\u00f1os a terceros causados por conductor dependiente<\/li>\n<li>Da\u00f1os materiales y Da\u00f1os a terceros causados por la carga<\/li>\n<li>Asistencia al veh\u00edculo<\/li>\n<li>Asiento Pasajero plan A y B<\/li>\n<li>Asistencia Conductor<\/li>\n<li>Auto de Reemplazo<\/li>\n<\/ul>\n<\/td>\n<\/tr>\n<\/tbody>\n<\/table>\n<table border=\"0\">\n<tbody>\n<tr>\n<td style=\"text-align: center;\"><img decoding=\"async\" loading=\"lazy\" class=\"aligncenter size-full wp-image-121\" alt=\"\" src=\"http:\/\/www.primaactiva.cl\/wp-content\/uploads\/2013\/11\/pa18.jpg\" width=\"158\" height=\"160\" \/><\/td>\n<td width=\"30px\"><\/td>\n<td>\n<h2><strong> Moto<\/strong><\/h2>\n<p>Es un seguro para motos, similar al de los autos, que ofrece una amplia cobertura, ideal para motociclistas que buscan m\u00e1xima tranquilidad.<\/p>\n<p><span style=\"line-height: 19px;\">\u00a0<\/span><\/td>\n<\/tr>\n<tr>\n<td><img decoding=\"async\" alt=\"\" src=\"http:\/\/www.bciseguros.cl\/medios\/productos\/personas\/iconos-02.jpg\" \/><\/td>\n<td width=\"30px\"><\/td>\n<td>\n<h2>Hogar<\/h2>\n<p>La protecci\u00f3n de tu casa o departamento es uno de las formas de poder entregar tranquilidad a tu familia, no solo protegiendo los bienes materiales que hay en el interior de tu hogar, sino que entregando un respaldo necesario en caso que sea requerido.<\/p>\n<h3>Principales Coberturas<\/h3>\n<ul>\n<li>Incendio Edificio y\/o Contenido<\/li>\n<li>Robo<\/li>\n<li>Sismo<\/li>\n<li>Responsabilidad Civil Familiar<\/li>\n<li>Rotura de Cristales<\/li>\n<li>Rotura de Ca\u00f1er\u00edas<\/li>\n<li>Remoci\u00f3n de Escombros<\/li>\n<li>Gastos de Arrendamiento por inhabitabilidad de la vivienda<\/li>\n<li>Asistencia Hogar<\/li>\n<\/ul>\n<\/td>\n<\/tr>\n<\/tbody>\n<\/table>\n<\/div>\n<div><\/div>\n<table width=\"900\" border=\"0\">\n<tbody>\n<tr>\n<td align=\"left\" valign=\"top\"><img decoding=\"async\" loading=\"lazy\" class=\"aligncenter size-full wp-image-71\" alt=\"\" src=\"http:\/\/www.primaactiva.cl\/wp-content\/uploads\/2013\/11\/pa7.jpg\" width=\"260\" height=\"200\" srcset=\"https:\/\/www.primaactiva.cl\/wp-content\/uploads\/2013\/11\/pa7.jpg 260w, https:\/\/www.primaactiva.cl\/wp-content\/uploads\/2013\/11\/pa7-250x192.jpg 250w\" sizes=\"(max-width: 260px) 100vw, 260px\" \/><\/td>\n<td align=\"left\" valign=\"top\" width=\"30\"><\/td>\n<td align=\"left\" valign=\"top\">\n<div><span style=\"font-size: large;\"><b>SOAP<\/b><\/span><\/div>\n<div align=\"justify\">El SOAP es un requisito obligatorio para todos los veh\u00edculos motorizados antes de la obtenci\u00f3n del permiso de circulaci\u00f3n. Cubre los riesgos de muerte y las lesiones f\u00edsicas que sean consecuencia directa de accidentes sufridos por personas, en los que est\u00e9 involucrado el veh\u00edculo asegurado. (Ley N\u00ba 18.490)<\/div>\n<div><span style=\"font-size: small;\"><b>Principales Coberturas<\/b><\/span><\/div>\n<ul>\n<li>Fallecimiento y lesiones corporales<\/li>\n<li>Gastos pre hospitalarios y\/o hospitalarios<\/li>\n<li>Gastos m\u00e9dicos, dentales y\/o ambulatorios<\/li>\n<\/ul>\n<\/td>\n<\/tr>\n<\/tbody>\n<\/table>\n<\/div>\n<div><\/div>\n<div>\n<table width=\"900\" border=\"0\">\n<tbody>\n<tr>\n<td align=\"left\" valign=\"top\"><span style=\"font-family: 'Arial Narrow', helvetica;\"><img decoding=\"async\" loading=\"lazy\" class=\"aligncenter size-full wp-image-72\" alt=\"\" src=\"http:\/\/www.primaactiva.cl\/wp-content\/uploads\/2013\/11\/pa8.jpg\" width=\"260\" height=\"200\" srcset=\"https:\/\/www.primaactiva.cl\/wp-content\/uploads\/2013\/11\/pa8.jpg 260w, https:\/\/www.primaactiva.cl\/wp-content\/uploads\/2013\/11\/pa8-250x192.jpg 250w\" sizes=\"(max-width: 260px) 100vw, 260px\" \/><\/span><\/td>\n<td align=\"left\" valign=\"top\" width=\"30\"><\/td>\n<td align=\"left\" valign=\"top\">\n<div><span style=\"font-size: large;\"><b>Responsabilidad Civil Internacional (RCI)<\/b><\/span><\/div>\n<div align=\"justify\">Si viajas fuera de Chile en tu veh\u00edculo es importante que cuentes con un seguros que permita la indemnizaci\u00f3n ante da\u00f1os parciales o totales que pueda producir el veh\u00edculo asegurado a otro auto, cosa o persona en el extranjero.<\/div>\n<div><span style=\"font-size: small;\"><b>Principales Coberturas<\/b><\/span><\/div>\n<ul>\n<li>Responsabilidad Civil fuera del territorio nacional<\/li>\n<li>Fallecimiento<\/li>\n<li>Gastos m\u00e9dicos y\/o hospitalarios<\/li>\n<li>Da\u00f1os personales y\/o materiales<\/li>\n<li>Asistencia Legal<\/li>\n<\/ul>\n<\/td>\n<\/tr>\n<\/tbody>\n<\/table>\n<\/div>\n<div><\/div>\n<div><\/div>\n<div>\n<table width=\"900\" border=\"0\">\n<tbody>\n<tr>\n<td align=\"left\" valign=\"top\"><span style=\"font-family: 'Arial Narrow', helvetica;\"><img decoding=\"async\" loading=\"lazy\" class=\"aligncenter size-full wp-image-73\" alt=\"\" src=\"http:\/\/www.primaactiva.cl\/wp-content\/uploads\/2013\/11\/pa9.jpg\" width=\"260\" height=\"200\" srcset=\"https:\/\/www.primaactiva.cl\/wp-content\/uploads\/2013\/11\/pa9.jpg 260w, https:\/\/www.primaactiva.cl\/wp-content\/uploads\/2013\/11\/pa9-250x192.jpg 250w\" sizes=\"(max-width: 260px) 100vw, 260px\" \/><\/span><\/td>\n<td align=\"left\" valign=\"top\" width=\"30\"><\/td>\n<td align=\"left\" valign=\"top\">\n<div><span style=\"font-size: large;\"><b>Salud<\/b><\/span><\/div>\n<div align=\"justify\">Tu salud y la de tu familia, es un factor que no puedes dejar de lado, es por eso que Bci seguros presenta productos que cubren hasta el 100% de los gastos m\u00e9dicos reembolsables despu\u00e9s de Isapre o Fonasa en el caso de enfermedad o accidente grave y de alto costo y cuando los gastos realizados superen los topes, dependiendo del Plan Contratado.<\/div>\n<div><span style=\"font-size: small;\"><b>Principales Coberturas<\/b><\/span><\/div>\n<ul>\n<li>Complementario Salud (Hospitalario, ambulatorio, m\u00e9dico, etc.)<\/li>\n<li>Cobertura Dental (Adicional Salud)<\/li>\n<li>Seguro Catastr\u00f3fico (Adicional Salud)<\/li>\n<li>Enfermedades Graves<\/li>\n<li>Renta por hospitalizaci\u00f3n<\/li>\n<li>Descuentos en Farmacias<\/li>\n<\/ul>\n<\/td>\n<\/tr>\n<\/tbody>\n<\/table>\n<\/div>\n<div><\/div>\n<div><\/div>\n<div>\n<table width=\"900\" border=\"0\">\n<tbody>\n<tr>\n<td align=\"left\" valign=\"top\"><span style=\"font-family: 'Arial Narrow', helvetica;\"><img decoding=\"async\" loading=\"lazy\" class=\"aligncenter size-full wp-image-74\" alt=\"\" src=\"http:\/\/www.primaactiva.cl\/wp-content\/uploads\/2013\/11\/pa10.jpg\" width=\"260\" height=\"200\" srcset=\"https:\/\/www.primaactiva.cl\/wp-content\/uploads\/2013\/11\/pa10.jpg 260w, https:\/\/www.primaactiva.cl\/wp-content\/uploads\/2013\/11\/pa10-250x192.jpg 250w\" sizes=\"(max-width: 260px) 100vw, 260px\" \/><\/span><\/td>\n<td align=\"left\" valign=\"top\" width=\"30\"><\/td>\n<td align=\"left\" valign=\"top\">\n<div><span style=\"font-size: large;\"><b>Vida<\/b><\/span><\/div>\n<div align=\"justify\">Porque en Bci Seguros sabemos que la vida es el bien m\u00e1s valioso y completo de todo ser humano, donde acumulamos las m\u00e1s diversas experiencias junto a la familia y la comunidad. Por lo mismo es importante protegerse, para que en caso de fallecimiento por causas naturales y fortuitas o invalidez accidental, tengamos la cobertura necesaria para proteger a quienes m\u00e1s hemos querido.<\/div>\n<div><span style=\"font-size: small;\"><b>Principales Coberturas<\/b><\/span><\/div>\n<ul>\n<li>Fallecimiento Natural<\/li>\n<li>Fallecimiento Accidental<\/li>\n<li>Desmembramiento<\/li>\n<li>Invalidez Accidental<\/li>\n<li>Invalidez permanente por enfermedad o accidente 80%<\/li>\n<li>Invalidez permanente por enfermedad o accidente 2\/3<\/li>\n<li>Protecci\u00f3n Familiar (Muerte Natural) para c\u00f3nyuge e hijos<\/li>\n<li>Ahorro<\/li>\n<\/ul>\n<p>&nbsp;<\/p>\n<p><a title=\"Worksite\" href=\"http:\/\/200.6.96.174\/bci_wsite\/Login_directo.aspx?id=76007195&amp;key=760071951&amp;id_log=1\" target=\"_blank\"><img decoding=\"async\" loading=\"lazy\" class=\"aligncenter size-full wp-image-87\" alt=\"\" src=\"http:\/\/www.primaactiva.cl\/wp-content\/uploads\/2013\/11\/pa14.jpg\" width=\"129\" height=\"146\" \/><\/a><\/td>\n<\/tr>\n<\/tbody>\n<\/table>\n<\/div>\n<div style=\"text-align: right;\"><\/div>\n<div style=\"text-align: center;\"><\/div>\n<div style=\"text-align: center;\"><\/div>\n<div style=\"text-align: center;\"><\/div>\n<div style=\"text-align: center;\"><\/div>\n<div style=\"text-align: center;\"><\/div>\n<div style=\"text-align: right;\"><\/div>\n","protected":false},"excerpt":{"rendered":"<p>&nbsp; &nbsp; Auto Te presentamos los seguros automotrices m\u00e1s completos e innovadores del mercado, creados especialmente para evitarte cualquier preocupaci\u00f3n relacionada con t\u00fa autom\u00f3vil. Cada uno de estos beneficios contempla una amplia lista de servicios espec\u00edficos y necesarios para evitar que pierda su tiempo y \u00e1nimo en detalles inoportunos. Principales Coberturas Da\u00f1os Materiales P\u00e9rdida Total [&hellip;]<\/p>\n","protected":false},"author":1,"featured_media":0,"parent":0,"menu_order":0,"comment_status":"closed","ping_status":"open","template":"","meta":[],"_links":{"self":[{"href":"https:\/\/www.primaactiva.cl\/index.php?rest_route=\/wp\/v2\/pages\/69"}],"collection":[{"href":"https:\/\/www.primaactiva.cl\/index.php?rest_route=\/wp\/v2\/pages"}],"about":[{"href":"https:\/\/www.primaactiva.cl\/index.php?rest_route=\/wp\/v2\/types\/page"}],"author":[{"embeddable":true,"href":"https:\/\/www.primaactiva.cl\/index.php?rest_route=\/wp\/v2\/users\/1"}],"replies":[{"embeddable":true,"href":"https:\/\/www.primaactiva.cl\/index.php?rest_route=%2Fwp%2Fv2%2Fcomments&post=69"}],"version-history":[{"count":19,"href":"https:\/\/www.primaactiva.cl\/index.php?rest_route=\/wp\/v2\/pages\/69\/revisions"}],"predecessor-version":[{"id":145,"href":"https:\/\/www.primaactiva.cl\/index.php?rest_route=\/wp\/v2\/pages\/69\/revisions\/145"}],"wp:attachment":[{"href":"https:\/\/www.primaactiva.cl\/index.php?rest_route=%2Fwp%2Fv2%2Fmedia&parent=69"}],"curies":[{"name":"wp","href":"https:\/\/api.w.org\/{rel}","templated":true}]}}