{"id":7,"date":"2013-11-27T14:06:47","date_gmt":"2013-11-27T14:06:47","guid":{"rendered":"http:\/\/www.primaactiva.cl\/?page_id=7"},"modified":"2014-11-23T22:08:32","modified_gmt":"2014-11-23T22:08:32","slug":"quienes-somos","status":"publish","type":"page","link":"https:\/\/www.primaactiva.cl\/?page_id=7","title":{"rendered":"Quienes Somos"},"content":{"rendered":"<p><img decoding=\"async\" loading=\"lazy\" class=\"aligncenter size-full wp-image-63\" alt=\"\" src=\"http:\/\/www.primaactiva.cl\/wp-content\/uploads\/2013\/11\/pa4.jpg\" width=\"923\" height=\"163\" srcset=\"https:\/\/www.primaactiva.cl\/wp-content\/uploads\/2013\/11\/pa4.jpg 923w, https:\/\/www.primaactiva.cl\/wp-content\/uploads\/2013\/11\/pa4-300x52.jpg 300w, https:\/\/www.primaactiva.cl\/wp-content\/uploads\/2013\/11\/pa4-250x44.jpg 250w\" sizes=\"(max-width: 923px) 100vw, 923px\" \/><\/p>\n<p>Daniel Hidalgo Acu\u00f1a y Lorena Leon Gacitua Asociados , <b>PRIMA ACTIVA CORREDORES DE SEGURO<\/b> , fundada el dia 05 de noviembre 2007, Corredora de Seguros desde dia 28 de Abril 2008.<\/p>\n<p>Dedicados al asesoramiento e intermediaci\u00f3n de todo tipo de seguros, contando en su cartera con las mejores aseguradoras del mercado.<br \/>\nUna de nuestras principales caracter\u00edsticas es la de entregar una atenci\u00f3n profesional y personalizada, tanto al momento de seleccionar el seguro, la aseguradora, como frente a un eventual siniestro que afecte a nuestros clientes.<\/p>\n<p><b>Alianza estrat\u00e9gica con BCI Seguros<\/b><\/p>\n<p>Esto nos permite ser parte de una gran Alianza en Seguros, reconocida en el mercado por su importante aporte en el desarrollo de sus corredores, por la b\u00fasqueda constante de la innovaci\u00f3n y por la creaci\u00f3n de oportunidades de negocios para quienes participan en ella.<\/p>\n<p>Lo anterior nos da una ventaja competitiva en relaci\u00f3n al resto de los corredores, al contar con productos exclusivos de Emisi\u00f3n On Line en l\u00edneas personales y de empresas, con coberturas diferenciadas y tarifas altamente competitivas en beneficio de nuestros clientes.<\/p>\n<p>Corredores Asociados:<br \/>\n<strong>Daniel Hidalgo Acu\u00f1a<\/strong> ,nombramiento S.V.S desde 30\/12\/2005<br \/>\n<strong>Lorena Leon Gacitua<\/strong> , nombramiento S.V.S. desde 30\/12\/2005<\/p>\n","protected":false},"excerpt":{"rendered":"<p>Daniel Hidalgo Acu\u00f1a y Lorena Leon Gacitua Asociados , PRIMA ACTIVA CORREDORES DE SEGURO , fundada el dia 05 de noviembre 2007, Corredora de Seguros desde dia 28 de Abril 2008. Dedicados al asesoramiento e intermediaci\u00f3n de todo tipo de seguros, contando en su cartera con las mejores aseguradoras del mercado. Una de nuestras principales [&hellip;]<\/p>\n","protected":false},"author":1,"featured_media":0,"parent":0,"menu_order":0,"comment_status":"closed","ping_status":"open","template":"","meta":[],"_links":{"self":[{"href":"https:\/\/www.primaactiva.cl\/index.php?rest_route=\/wp\/v2\/pages\/7"}],"collection":[{"href":"https:\/\/www.primaactiva.cl\/index.php?rest_route=\/wp\/v2\/pages"}],"about":[{"href":"https:\/\/www.primaactiva.cl\/index.php?rest_route=\/wp\/v2\/types\/page"}],"author":[{"embeddable":true,"href":"https:\/\/www.primaactiva.cl\/index.php?rest_route=\/wp\/v2\/users\/1"}],"replies":[{"embeddable":true,"href":"https:\/\/www.primaactiva.cl\/index.php?rest_route=%2Fwp%2Fv2%2Fcomments&post=7"}],"version-history":[{"count":5,"href":"https:\/\/www.primaactiva.cl\/index.php?rest_route=\/wp\/v2\/pages\/7\/revisions"}],"predecessor-version":[{"id":64,"href":"https:\/\/www.primaactiva.cl\/index.php?rest_route=\/wp\/v2\/pages\/7\/revisions\/64"}],"wp:attachment":[{"href":"https:\/\/www.primaactiva.cl\/index.php?rest_route=%2Fwp%2Fv2%2Fmedia&parent=7"}],"curies":[{"name":"wp","href":"https:\/\/api.w.org\/{rel}","templated":true}]}}